{"id":354,"date":"2020-08-15T19:09:58","date_gmt":"2020-08-15T22:09:58","guid":{"rendered":"http:\/\/rainbowit.net\/themes\/trydo\/?page_id=354"},"modified":"2023-06-13T11:53:11","modified_gmt":"2023-06-13T14:53:11","slug":"servicios","status":"publish","type":"page","link":"https:\/\/www.macawlabs.com\/en\/servicios\/","title":{"rendered":"Servicios MacawLabs"},"content":{"rendered":"<div data-elementor-type=\"wp-page\" data-elementor-id=\"354\" class=\"elementor elementor-354\">\n\t\t\t\t\t\t<section class=\"elementor-section elementor-top-section elementor-element elementor-element-0d089a3 elementor-section-full_width elementor-section-height-default elementor-section-height-default\" data-id=\"0d089a3\" data-element_type=\"section\" data-e-type=\"section\">\n\t\t\t\t\t\t<div class=\"elementor-container elementor-column-gap-no\">\n\t\t\t\t\t<div class=\"elementor-column elementor-col-100 elementor-top-column elementor-element elementor-element-5db80f3\" data-id=\"5db80f3\" data-element_type=\"column\" data-e-type=\"column\">\n\t\t\t<div class=\"elementor-widget-wrap elementor-element-populated\">\n\t\t\t\t\t\t<div class=\"elementor-element elementor-element-919c978 rbt-section-height-default elementor-widget elementor-widget-trydo-main-slider\" data-id=\"919c978\" data-element_type=\"widget\" data-e-type=\"widget\" data-widget_type=\"trydo-main-slider.default\">\n\t\t\t\t<div class=\"elementor-widget-container\">\n\t\t\t\t\t\n                    <!-- Start Slider Area  -->\n            <div id=\"trydo-main-slider-919c978\" class=\"slider-activation rn-slick-dot rn-slick-activation dot-light mb--0\" data-settings=\"{&quot;arrows&quot;:true,&quot;dots&quot;:true,&quot;autoplay&quot;:false,&quot;autoplay_speed&quot;:0,&quot;infinite&quot;:true}\">\n                \n                    <!-- Start Single Slider  -->\n                    <div class=\"rbt-height-control slide slide-style-2 d-flex align-items-center justify-content-center bg_image elementor-repeater-item-c3306e1\"  data-black-overlay=\"8\"  >\n                        <div class=\"container\">\n                            <div class=\"row\">\n                                <div class=\"col-lg-12\">\n                                    <div class=\"inner text-left\">\n\n                                                                                <h2 class=\"title theme-gradient\">Services<\/h2>                                                                                    <p class=\"description\">We are Macaw Labs, a Headhunting and Staffing agency specialized in the IT world. Our pillars as a company are: the generation of value, research, automation and continuous learning. We operate in the United States, Brazil and Chile.\n<\/p>\n                                        \n                                                                                    <div class=\"slide-btn\">\n                                                <a class=\"rbt-button rn-button-style--2 btn_solid btn-size-lg btn-theme\" href=\"https:\/\/wa.me\/56978177687?text=Hello+I+have+a+question!\" target=\"_self\" rel=\"nofollow\"><span class=\"button-text\">Let\u00b4s Talk<\/span><\/a>\n\n                                            <\/div>\n                                        \n                                    <\/div>\n                                <\/div>\n                            <\/div>\n                        <\/div>\n                    <\/div>\n                    <!-- End Single Slider  -->\n\n                            <\/div>\n            <!-- End Slider Area  -->\n        \t\t\t\t<\/div>\n\t\t\t\t<\/div>\n\t\t\t\t\t<\/div>\n\t\t<\/div>\n\t\t\t\t\t<\/div>\n\t\t<\/section>\n\t\t\t\t<section class=\"elementor-section elementor-top-section elementor-element elementor-element-300c1d8 elementor-section-full_width elementor-section-height-default elementor-section-height-default\" data-id=\"300c1d8\" data-element_type=\"section\" data-e-type=\"section\">\n\t\t\t\t\t\t<div class=\"elementor-container elementor-column-gap-no\">\n\t\t\t\t\t<div class=\"elementor-column elementor-col-100 elementor-top-column elementor-element elementor-element-7787633\" data-id=\"7787633\" data-element_type=\"column\" data-e-type=\"column\">\n\t\t\t<div class=\"elementor-widget-wrap elementor-element-populated\">\n\t\t\t\t\t\t<div class=\"elementor-element elementor-element-661d724 elementor-widget elementor-widget-trydo-main-services\" data-id=\"661d724\" data-element_type=\"widget\" data-e-type=\"widget\" data-widget_type=\"trydo-main-services.default\">\n\t\t\t\t<div class=\"elementor-widget-container\">\n\t\t\t\t\t        <!-- Start Service Area  -->\n        <div class=\"rn-service-area rn-section-gap bg_color--1 service-area--2\">\n            <div class=\"container\">\n                                    <div class=\"row\">\n                        <div class=\"col-lg-12 mb--20 mb_sm--0\">\n                            <div class=\"section-title section-title--2 text-center\">\n                                                        <h2 class=\"title rbt-section-title\"><span><\/span><\/h2>                            <p>We accompany you and advise you in a personalized way, so that each of the solutions adapts to your needs.\n<\/p>\n                    \n                                                            <\/div>\n                        <\/div>\n                    <\/div>\n                                                    <div class=\"row\">\n                                                    <div class=\"service-item mt--30 col-lg-4 col-md-6 col-sm-6 col-12 elementor-repeater-item-ce062f3\">\n                                                                <div class=\"single-service service__style--2 bg-color-gray\">\n\n                                                                    <a href=\"#\"  >\n                                                                    <div class=\"service\">\n                                                                                                                                    <div class=\"icon\">\n                                                    <i aria-hidden=\"true\" class=\"fas fa-mouse-pointer\"><\/i>                                                <\/div>\n                                                                                                                                                                        <div class=\"content\">\n                                                                                                    <h3 class=\"title\">Head Hunting<\/h3>                                                                                                                                                    <p>We find and attract highly qualified talent.\nWe accompany you at every stage and guarantee our results.<\/p>\n                                                \n\n\n                                            <\/div>\n                                                                            <\/div>\n                                 <\/a>                             <\/div>\n                            <\/div>\n                                                    <div class=\"service-item mt--30 col-lg-4 col-md-6 col-sm-6 col-12 elementor-repeater-item-eee58ae\">\n                                                                <div class=\"single-service service__style--2 bg-color-gray\">\n\n                                                                    <a href=\"#\"  >\n                                                                    <div class=\"service\">\n                                                                                                                                    <div class=\"icon\">\n                                                    <i aria-hidden=\"true\" class=\"fas fa-hands-helping\"><\/i>                                                <\/div>\n                                                                                                                                                                        <div class=\"content\">\n                                                                                                    <h3 class=\"title\">Staffing<\/h3>                                                                                                                                                    <p>With our staffing service you can quickly count on support for the different needs of your projects.<\/p>\n                                                \n\n\n                                            <\/div>\n                                                                            <\/div>\n                                 <\/a>                             <\/div>\n                            <\/div>\n                                                    <div class=\"service-item mt--30 col-lg-4 col-md-6 col-sm-6 col-12 elementor-repeater-item-de05278\">\n                                                                <div class=\"single-service service__style--2 bg-color-gray\">\n\n                                                                    <a href=\"#\"  >\n                                                                    <div class=\"service\">\n                                                                                                                                    <div class=\"icon\">\n                                                    <i aria-hidden=\"true\" class=\"fas fa-hand-holding-heart\"><\/i>                                                <\/div>\n                                                                                                                                                                        <div class=\"content\">\n                                                                                                    <h3 class=\"title\">Talent retention<\/h3>                                                                                                                                                    <p>Our proven methodology for attracting and retaining talent will allow you to have the best professionals on your team.<\/p>\n                                                \n\n\n                                            <\/div>\n                                                                            <\/div>\n                                 <\/a>                             <\/div>\n                            <\/div>\n                                            <\/div>\n                            <\/div>\n        <\/div>\n        <!-- Start Service Area  -->\n        \t\t\t\t<\/div>\n\t\t\t\t<\/div>\n\t\t\t\t\t<\/div>\n\t\t<\/div>\n\t\t\t\t\t<\/div>\n\t\t<\/section>\n\t\t\t\t<section class=\"elementor-section elementor-top-section elementor-element elementor-element-e7d9837 elementor-section-content-middle rn-about-area rn-section-gap bg_color--5 elementor-section-boxed elementor-section-height-default elementor-section-height-default\" data-id=\"e7d9837\" data-element_type=\"section\" data-e-type=\"section\">\n\t\t\t\t\t\t<div class=\"elementor-container elementor-column-gap-extended\">\n\t\t\t\t\t<div class=\"elementor-column elementor-col-50 elementor-top-column elementor-element elementor-element-cec0025\" data-id=\"cec0025\" data-element_type=\"column\" data-e-type=\"column\">\n\t\t\t<div class=\"elementor-widget-wrap elementor-element-populated\">\n\t\t\t\t\t\t<div class=\"elementor-element elementor-element-db0b35e thumbnail elementor-widget elementor-widget-image\" data-id=\"db0b35e\" data-element_type=\"widget\" data-e-type=\"widget\" data-widget_type=\"image.default\">\n\t\t\t\t<div class=\"elementor-widget-container\">\n\t\t\t\t\t\t\t\t\t\t\t\t\t\t\t<img fetchpriority=\"high\" decoding=\"async\" width=\"750\" height=\"813\" src=\"https:\/\/www.macawlabs.com\/wp-content\/uploads\/2020\/08\/about-4-1.png\" class=\"attachment-full size-full wp-image-364\" alt=\"about-4\" srcset=\"https:\/\/www.macawlabs.com\/wp-content\/uploads\/2020\/08\/about-4-1.png 750w, https:\/\/www.macawlabs.com\/wp-content\/uploads\/2020\/08\/about-4-1-277x300.png 277w\" sizes=\"(max-width: 750px) 100vw, 750px\" \/>\t\t\t\t\t\t\t\t\t\t\t\t\t\t\t<\/div>\n\t\t\t\t<\/div>\n\t\t\t\t\t<\/div>\n\t\t<\/div>\n\t\t\t\t<div class=\"elementor-column elementor-col-50 elementor-top-column elementor-element elementor-element-9572af0\" data-id=\"9572af0\" data-element_type=\"column\" data-e-type=\"column\">\n\t\t\t<div class=\"elementor-widget-wrap elementor-element-populated\">\n\t\t\t\t\t\t<div class=\"elementor-element elementor-element-d6f9653 elementor-widget elementor-widget-trydo-section-title\" data-id=\"d6f9653\" data-element_type=\"widget\" data-e-type=\"widget\" data-widget_type=\"trydo-section-title.default\">\n\t\t\t\t<div class=\"elementor-widget-container\">\n\t\t\t\t\t        <div class=\"section-title mb--20 mb_sm--0 text-left\">\n                                    <h2 class=\"title rbt-section-title\"><span>Macaw Methodology<\/span><\/h2>                            <p>Our comprehensive methodology for attracting and retaining talent ensures the success of your project.\nAnd it allows us to guarantee our services.<\/p>\n                            <\/div>\n        \t\t\t\t<\/div>\n\t\t\t\t<\/div>\n\t\t\t\t<div class=\"elementor-element elementor-element-a3883dc elementor-widget elementor-widget-trydo-accordion\" data-id=\"a3883dc\" data-element_type=\"widget\" data-e-type=\"widget\" data-widget_type=\"trydo-accordion.default\">\n\t\t\t\t<div class=\"elementor-widget-container\">\n\t\t\t\t\t        <div class=\"rn-accordion\">\n            <div id=\"accordion-a3883dc\">\n\n                                    <!-- Start Single Card  -->\n                    <div class=\"rn-card\">\n                        <div class=\"rn-card-header\" id=\"heading-a3883dc-0\">\n                            <a href=\"#\" class=\"btn collapsed\" data-toggle=\"collapse\" data-target=\"#collapse-a3883dc-0\" aria-expanded=\"true\" aria-controls=\"collapse-a3883dc-0\">\n                                You want to know more?                            <\/a>\n                        <\/div>\n                        <div id=\"collapse-a3883dc-0\" class=\"collapse show\" aria-labelledby=\"heading-a3883dc-0\" data-parent=\"#accordion-a3883dc\">\n                            <div class=\"rn-card-body\">\n                                Schedule a meeting or let's go for a coffee and our team will contact you                            <\/div>\n                        <\/div>\n                    <\/div>\n                    <!-- End Single Card  -->\n                \n            <\/div>\n        <\/div>\n        \t\t\t\t<\/div>\n\t\t\t\t<\/div>\n\t\t\t\t<div class=\"elementor-element elementor-element-d58a734 elementor-widget elementor-widget-trydo-button\" data-id=\"d58a734\" data-element_type=\"widget\" data-e-type=\"widget\" data-widget_type=\"trydo-button.default\">\n\t\t\t\t<div class=\"elementor-widget-container\">\n\t\t\t\t\t                    <div class=\"\">\n                <a href=\"https:\/\/wa.me\/56978177687?text=Hello+I+have+a+question!\" class=\"rbt-button  rn-button-style--2 btn_solid btn-large btn-theme\"><span class=\"button-text\">Let\u00b4s talk<\/span><\/a>            <\/div>\n                \t\t\t\t<\/div>\n\t\t\t\t<\/div>\n\t\t\t\t\t<\/div>\n\t\t<\/div>\n\t\t\t\t\t<\/div>\n\t\t<\/section>\n\t\t\t\t<\/div>","protected":false},"excerpt":{"rendered":"<p>Servicios Somos Macaw Labs, agencia de Headhunting y Staffing especializada en el mundo. IT. Nuestros pilares como compa\u00f1\u00eda son: la generaci\u00f3n de valor, la investigaci\u00f3n, la automatizaci\u00f3n y el aprendizaje continuo. Operamos en Estados Unidos, Brasil y Chile. HABLEMOS Te acompa\u00f1amos y asesoramos de forma personalizada, para que cada una de las soluciones se adapten [&hellip;]<\/p>","protected":false},"author":2,"featured_media":1579,"parent":0,"menu_order":0,"comment_status":"closed","ping_status":"closed","template":"elementor_header_footer","meta":{"content-type":"","footnotes":""},"class_list":["post-354","page","type-page","status-publish","has-post-thumbnail","hentry"],"acf":[],"yoast_head":"<!-- This site is optimized with the Yoast SEO plugin v27.4 - https:\/\/yoast.com\/product\/yoast-seo-wordpress\/ -->\n<title>Servicios MacawLabs - Macawlabs<\/title>\n<meta name=\"robots\" content=\"index, follow, max-snippet:-1, max-image-preview:large, max-video-preview:-1\" \/>\n<link rel=\"canonical\" href=\"https:\/\/www.macawlabs.com\/en\/servicios\/\" \/>\n<meta property=\"og:locale\" content=\"en_US\" \/>\n<meta property=\"og:type\" content=\"article\" \/>\n<meta property=\"og:title\" content=\"Servicios MacawLabs - Macawlabs\" \/>\n<meta property=\"og:description\" content=\"Servicios Somos Macaw Labs, agencia de Headhunting y Staffing especializada en el mundo. IT. Nuestros pilares como compa\u00f1\u00eda son: la generaci\u00f3n de valor, la investigaci\u00f3n, la automatizaci\u00f3n y el aprendizaje continuo. Operamos en Estados Unidos, Brasil y Chile. HABLEMOS Te acompa\u00f1amos y asesoramos de forma personalizada, para que cada una de las soluciones se adapten [&hellip;]\" \/>\n<meta property=\"og:url\" content=\"https:\/\/www.macawlabs.com\/en\/servicios\/\" \/>\n<meta property=\"og:site_name\" content=\"Macawlabs\" \/>\n<meta property=\"article:modified_time\" content=\"2023-06-13T14:53:11+00:00\" \/>\n<meta property=\"og:image\" content=\"https:\/\/www.macawlabs.com\/wp-content\/uploads\/2022\/05\/Logo-MacawLabs-transparente.png\" \/>\n\t<meta property=\"og:image:width\" content=\"512\" \/>\n\t<meta property=\"og:image:height\" content=\"512\" \/>\n\t<meta property=\"og:image:type\" content=\"image\/png\" \/>\n<meta name=\"twitter:card\" content=\"summary_large_image\" \/>\n<meta name=\"twitter:label1\" content=\"Est. reading time\" \/>\n\t<meta name=\"twitter:data1\" content=\"1 minute\" \/>\n<script type=\"application\/ld+json\" class=\"yoast-schema-graph\">{\"@context\":\"https:\\\/\\\/schema.org\",\"@graph\":[{\"@type\":\"WebPage\",\"@id\":\"https:\\\/\\\/www.macawlabs.com\\\/servicios\\\/\",\"url\":\"https:\\\/\\\/www.macawlabs.com\\\/servicios\\\/\",\"name\":\"Servicios MacawLabs - Macawlabs\",\"isPartOf\":{\"@id\":\"https:\\\/\\\/www.macawlabs.com\\\/#website\"},\"primaryImageOfPage\":{\"@id\":\"https:\\\/\\\/www.macawlabs.com\\\/servicios\\\/#primaryimage\"},\"image\":{\"@id\":\"https:\\\/\\\/www.macawlabs.com\\\/servicios\\\/#primaryimage\"},\"thumbnailUrl\":\"https:\\\/\\\/www.macawlabs.com\\\/wp-content\\\/uploads\\\/2022\\\/05\\\/Logo-MacawLabs-transparente.png\",\"datePublished\":\"2020-08-15T22:09:58+00:00\",\"dateModified\":\"2023-06-13T14:53:11+00:00\",\"breadcrumb\":{\"@id\":\"https:\\\/\\\/www.macawlabs.com\\\/servicios\\\/#breadcrumb\"},\"inLanguage\":\"en-US\",\"potentialAction\":[{\"@type\":\"ReadAction\",\"target\":[\"https:\\\/\\\/www.macawlabs.com\\\/servicios\\\/\"]}]},{\"@type\":\"ImageObject\",\"inLanguage\":\"en-US\",\"@id\":\"https:\\\/\\\/www.macawlabs.com\\\/servicios\\\/#primaryimage\",\"url\":\"https:\\\/\\\/www.macawlabs.com\\\/wp-content\\\/uploads\\\/2022\\\/05\\\/Logo-MacawLabs-transparente.png\",\"contentUrl\":\"https:\\\/\\\/www.macawlabs.com\\\/wp-content\\\/uploads\\\/2022\\\/05\\\/Logo-MacawLabs-transparente.png\",\"width\":512,\"height\":512,\"caption\":\"MacawLabs Logo\"},{\"@type\":\"BreadcrumbList\",\"@id\":\"https:\\\/\\\/www.macawlabs.com\\\/servicios\\\/#breadcrumb\",\"itemListElement\":[{\"@type\":\"ListItem\",\"position\":1,\"name\":\"Portada\",\"item\":\"https:\\\/\\\/www.macawlabs.com\\\/\"},{\"@type\":\"ListItem\",\"position\":2,\"name\":\"Servicios MacawLabs\"}]},{\"@type\":\"WebSite\",\"@id\":\"https:\\\/\\\/www.macawlabs.com\\\/#website\",\"url\":\"https:\\\/\\\/www.macawlabs.com\\\/\",\"name\":\"Macawlabs\",\"description\":\"Head Hunting | Staffing IT\",\"publisher\":{\"@id\":\"https:\\\/\\\/www.macawlabs.com\\\/#organization\"},\"potentialAction\":[{\"@type\":\"SearchAction\",\"target\":{\"@type\":\"EntryPoint\",\"urlTemplate\":\"https:\\\/\\\/www.macawlabs.com\\\/?s={search_term_string}\"},\"query-input\":{\"@type\":\"PropertyValueSpecification\",\"valueRequired\":true,\"valueName\":\"search_term_string\"}}],\"inLanguage\":\"en-US\"},{\"@type\":\"Organization\",\"@id\":\"https:\\\/\\\/www.macawlabs.com\\\/#organization\",\"name\":\"Macawlabs\",\"url\":\"https:\\\/\\\/www.macawlabs.com\\\/\",\"logo\":{\"@type\":\"ImageObject\",\"inLanguage\":\"en-US\",\"@id\":\"https:\\\/\\\/www.macawlabs.com\\\/#\\\/schema\\\/logo\\\/image\\\/\",\"url\":\"https:\\\/\\\/www.macawlabs.com\\\/wp-content\\\/uploads\\\/2022\\\/01\\\/Logo-Macawlabs-letras-balncas.png\",\"contentUrl\":\"https:\\\/\\\/www.macawlabs.com\\\/wp-content\\\/uploads\\\/2022\\\/01\\\/Logo-Macawlabs-letras-balncas.png\",\"width\":512,\"height\":334,\"caption\":\"Macawlabs\"},\"image\":{\"@id\":\"https:\\\/\\\/www.macawlabs.com\\\/#\\\/schema\\\/logo\\\/image\\\/\"}}]}<\/script>\n<!-- \/ Yoast SEO plugin. -->","yoast_head_json":{"title":"Servicios MacawLabs - Macawlabs","robots":{"index":"index","follow":"follow","max-snippet":"max-snippet:-1","max-image-preview":"max-image-preview:large","max-video-preview":"max-video-preview:-1"},"canonical":"https:\/\/www.macawlabs.com\/en\/servicios\/","og_locale":"en_US","og_type":"article","og_title":"Servicios MacawLabs - Macawlabs","og_description":"Servicios Somos Macaw Labs, agencia de Headhunting y Staffing especializada en el mundo. IT. Nuestros pilares como compa\u00f1\u00eda son: la generaci\u00f3n de valor, la investigaci\u00f3n, la automatizaci\u00f3n y el aprendizaje continuo. Operamos en Estados Unidos, Brasil y Chile. HABLEMOS Te acompa\u00f1amos y asesoramos de forma personalizada, para que cada una de las soluciones se adapten [&hellip;]","og_url":"https:\/\/www.macawlabs.com\/en\/servicios\/","og_site_name":"Macawlabs","article_modified_time":"2023-06-13T14:53:11+00:00","og_image":[{"width":512,"height":512,"url":"https:\/\/www.macawlabs.com\/wp-content\/uploads\/2022\/05\/Logo-MacawLabs-transparente.png","type":"image\/png"}],"twitter_card":"summary_large_image","twitter_misc":{"Est. reading time":"1 minute"},"schema":{"@context":"https:\/\/schema.org","@graph":[{"@type":"WebPage","@id":"https:\/\/www.macawlabs.com\/servicios\/","url":"https:\/\/www.macawlabs.com\/servicios\/","name":"Servicios MacawLabs - Macawlabs","isPartOf":{"@id":"https:\/\/www.macawlabs.com\/#website"},"primaryImageOfPage":{"@id":"https:\/\/www.macawlabs.com\/servicios\/#primaryimage"},"image":{"@id":"https:\/\/www.macawlabs.com\/servicios\/#primaryimage"},"thumbnailUrl":"https:\/\/www.macawlabs.com\/wp-content\/uploads\/2022\/05\/Logo-MacawLabs-transparente.png","datePublished":"2020-08-15T22:09:58+00:00","dateModified":"2023-06-13T14:53:11+00:00","breadcrumb":{"@id":"https:\/\/www.macawlabs.com\/servicios\/#breadcrumb"},"inLanguage":"en-US","potentialAction":[{"@type":"ReadAction","target":["https:\/\/www.macawlabs.com\/servicios\/"]}]},{"@type":"ImageObject","inLanguage":"en-US","@id":"https:\/\/www.macawlabs.com\/servicios\/#primaryimage","url":"https:\/\/www.macawlabs.com\/wp-content\/uploads\/2022\/05\/Logo-MacawLabs-transparente.png","contentUrl":"https:\/\/www.macawlabs.com\/wp-content\/uploads\/2022\/05\/Logo-MacawLabs-transparente.png","width":512,"height":512,"caption":"MacawLabs Logo"},{"@type":"BreadcrumbList","@id":"https:\/\/www.macawlabs.com\/servicios\/#breadcrumb","itemListElement":[{"@type":"ListItem","position":1,"name":"Portada","item":"https:\/\/www.macawlabs.com\/"},{"@type":"ListItem","position":2,"name":"Servicios MacawLabs"}]},{"@type":"WebSite","@id":"https:\/\/www.macawlabs.com\/#website","url":"https:\/\/www.macawlabs.com\/","name":"Macawlabs","description":"Head Hunting | Staffing IT","publisher":{"@id":"https:\/\/www.macawlabs.com\/#organization"},"potentialAction":[{"@type":"SearchAction","target":{"@type":"EntryPoint","urlTemplate":"https:\/\/www.macawlabs.com\/?s={search_term_string}"},"query-input":{"@type":"PropertyValueSpecification","valueRequired":true,"valueName":"search_term_string"}}],"inLanguage":"en-US"},{"@type":"Organization","@id":"https:\/\/www.macawlabs.com\/#organization","name":"Macawlabs","url":"https:\/\/www.macawlabs.com\/","logo":{"@type":"ImageObject","inLanguage":"en-US","@id":"https:\/\/www.macawlabs.com\/#\/schema\/logo\/image\/","url":"https:\/\/www.macawlabs.com\/wp-content\/uploads\/2022\/01\/Logo-Macawlabs-letras-balncas.png","contentUrl":"https:\/\/www.macawlabs.com\/wp-content\/uploads\/2022\/01\/Logo-Macawlabs-letras-balncas.png","width":512,"height":334,"caption":"Macawlabs"},"image":{"@id":"https:\/\/www.macawlabs.com\/#\/schema\/logo\/image\/"}}]}},"_links":{"self":[{"href":"https:\/\/www.macawlabs.com\/en\/wp-json\/wp\/v2\/pages\/354","targetHints":{"allow":["GET"]}}],"collection":[{"href":"https:\/\/www.macawlabs.com\/en\/wp-json\/wp\/v2\/pages"}],"about":[{"href":"https:\/\/www.macawlabs.com\/en\/wp-json\/wp\/v2\/types\/page"}],"author":[{"embeddable":true,"href":"https:\/\/www.macawlabs.com\/en\/wp-json\/wp\/v2\/users\/2"}],"replies":[{"embeddable":true,"href":"https:\/\/www.macawlabs.com\/en\/wp-json\/wp\/v2\/comments?post=354"}],"version-history":[{"count":34,"href":"https:\/\/www.macawlabs.com\/en\/wp-json\/wp\/v2\/pages\/354\/revisions"}],"predecessor-version":[{"id":1766,"href":"https:\/\/www.macawlabs.com\/en\/wp-json\/wp\/v2\/pages\/354\/revisions\/1766"}],"wp:featuredmedia":[{"embeddable":true,"href":"https:\/\/www.macawlabs.com\/en\/wp-json\/wp\/v2\/media\/1579"}],"wp:attachment":[{"href":"https:\/\/www.macawlabs.com\/en\/wp-json\/wp\/v2\/media?parent=354"}],"curies":[{"name":"wp","href":"https:\/\/api.w.org\/{rel}","templated":true}]}}