{"id":205,"date":"2020-08-15T07:53:58","date_gmt":"2020-08-15T10:53:58","guid":{"rendered":"http:\/\/rainbowit.net\/themes\/trydo\/?page_id=205"},"modified":"2023-08-09T20:26:55","modified_gmt":"2023-08-09T23:26:55","slug":"contacto","status":"publish","type":"page","link":"https:\/\/www.macawlabs.com\/en\/contacto\/","title":{"rendered":"Contacto MacawLabs"},"content":{"rendered":"<div data-elementor-type=\"wp-page\" data-elementor-id=\"205\" class=\"elementor elementor-205\">\n\t\t\t\t\t\t<section class=\"elementor-section elementor-top-section elementor-element elementor-element-497d5ed elementor-section-full_width elementor-section-height-default elementor-section-height-default\" data-id=\"497d5ed\" data-element_type=\"section\" data-e-type=\"section\">\n\t\t\t\t\t\t<div class=\"elementor-container elementor-column-gap-no\">\n\t\t\t\t\t<div class=\"elementor-column elementor-col-100 elementor-top-column elementor-element elementor-element-553d3d0\" data-id=\"553d3d0\" data-element_type=\"column\" data-e-type=\"column\">\n\t\t\t<div class=\"elementor-widget-wrap elementor-element-populated\">\n\t\t\t\t\t\t<div class=\"elementor-element elementor-element-a9a2df6 contact-us-today elementor-widget elementor-widget-trydo-main-services\" data-id=\"a9a2df6\" data-element_type=\"widget\" data-e-type=\"widget\" data-widget_type=\"trydo-main-services.default\">\n\t\t\t\t<div class=\"elementor-widget-container\">\n\t\t\t\t\t        <!-- Start Service Area  -->\n        <div class=\"rn-service-area rn-section-gap bg_color--1 service-area--5\">\n            <div class=\"container\">\n                                    <div class=\"row\">\n                        <div class=\"col-lg-12 mb--20 mb_sm--0\">\n                            <div class=\"section-title section-title--2 text-center\">\n                                                        <h3 class=\"title rbt-section-title\"><span>You need results, let's talk!<\/span><\/h3>                            <p>You can contact us through any of our channels<\/p>\n                    \n                                                            <\/div>\n                        <\/div>\n                    <\/div>\n                                                    <div class=\"row\">\n                                                    <div class=\"service-item mt--30 col-lg-6 col-md-4 col-sm-6 col-12 elementor-repeater-item-ce062f3\">\n                                                                <div class=\"single-service service__style--5 bg-color-gray text-left\">\n\n                                                                    <div class=\"service\">\n                                                                                                                                    <div class=\"icon\">\n                                                    <i aria-hidden=\"true\" class=\"rbt feather-phone-call\"><\/i>                                                <\/div>\n                                                                                                                                                                        <div class=\"content\">\n                                                                                                    <h3 class=\"title\">By phone <\/h3>                                                                                                                                                    <p><a href=\"tel: 569 7817 7687\">Phone: +569 7817 7687<\/a>\n<\/p>\n                                                \n\n\n                                            <\/div>\n                                                                            <\/div>\n                                                            <\/div>\n                            <\/div>\n                                                    <div class=\"service-item mt--30 col-lg-6 col-md-4 col-sm-6 col-12 elementor-repeater-item-14e74f5\">\n                                                                <div class=\"single-service service__style--5 bg-color-gray text-left\">\n\n                                                                    <div class=\"service\">\n                                                                                                                                    <div class=\"icon\">\n                                                    <i aria-hidden=\"true\" class=\"fab fa-whatsapp\"><\/i>                                                <\/div>\n                                                                                                                                                                        <div class=\"content\">\n                                                                                                    <h3 class=\"title\">By WhatsApp<\/h3>                                                                                                                                                    <p><a href=\"https:\/\/wa.me\/56978177687?text=Hello+I+have+a+query!\">Click and Let's Talk<\/a>\n<\/p>\n                                                \n\n\n                                            <\/div>\n                                                                            <\/div>\n                                                            <\/div>\n                            <\/div>\n                                                    <div class=\"service-item mt--30 col-lg-6 col-md-4 col-sm-6 col-12 elementor-repeater-item-eee58ae\">\n                                                                <div class=\"single-service service__style--5 bg-color-gray text-left\">\n\n                                                                    <div class=\"service\">\n                                                                                                                                    <div class=\"icon\">\n                                                    <i aria-hidden=\"true\" class=\"rbt feather-mail\"><\/i>                                                <\/div>\n                                                                                                                                                                        <div class=\"content\">\n                                                                                                    <h3 class=\"title\">By Email<\/h3>                                                                                                                                                    <p><a href=\"mailto:hablemos@macawlabs.com\">hablemos@macawlabs.com<\/a>\n      <\/p>\n                                                \n\n\n                                            <\/div>\n                                                                            <\/div>\n                                                            <\/div>\n                            <\/div>\n                                                    <div class=\"service-item mt--30 col-lg-6 col-md-4 col-sm-6 col-12 elementor-repeater-item-de05278\">\n                                                                <div class=\"single-service service__style--5 bg-color-gray text-left\">\n\n                                                                    <div class=\"service\">\n                                                                                                                                    <div class=\"icon\">\n                                                    <i aria-hidden=\"true\" class=\"rbt feather-map-pin\"><\/i>                                                <\/div>\n                                                                                                                                                                        <div class=\"content\">\n                                                                                                    <h3 class=\"title\">Address<\/h3>                                                                                                                                                    <p>Marchant Pereira #150, Oficina 1002, Providencia.<\/p>\n                                                \n\n\n                                            <\/div>\n                                                                            <\/div>\n                                                            <\/div>\n                            <\/div>\n                                            <\/div>\n                            <\/div>\n        <\/div>\n        <!-- Start Service Area  -->\n        \t\t\t\t<\/div>\n\t\t\t\t<\/div>\n\t\t\t\t\t<\/div>\n\t\t<\/div>\n\t\t\t\t\t<\/div>\n\t\t<\/section>\n\t\t\t\t<\/div>","protected":false},"excerpt":{"rendered":"<p>Necesitas resultados, hablemos! Puedes contactarte con nosotros a trav\u00e9s de cualquiera de nuestros canales Por tel\u00e9fono Tel\u00e9fono: +569 7817 7687 Por WhatsApp Dale Click y Hablemos Por correo electr\u00f3nico hablemos@macawlabs.com Ubicaci\u00f3n Marchant Pereira #150, Oficina 1002, Providencia.<\/p>","protected":false},"author":2,"featured_media":1532,"parent":0,"menu_order":0,"comment_status":"closed","ping_status":"closed","template":"elementor_theme","meta":{"content-type":"","footnotes":""},"class_list":["post-205","page","type-page","status-publish","has-post-thumbnail","hentry"],"acf":[],"yoast_head":"<!-- This site is optimized with the Yoast SEO plugin v27.6 - https:\/\/yoast.com\/product\/yoast-seo-wordpress\/ -->\n<title>Contacto MacawLabs - Macawlabs<\/title>\n<meta name=\"description\" content=\"Si quieres comunicarte con MacawLabs aqu\u00ed podr\u00e1s encontrar nuestro tel\u00e9fono, correo electr\u00f3nico y direcci\u00f3n.\" \/>\n<meta name=\"robots\" content=\"index, follow, max-snippet:-1, max-image-preview:large, max-video-preview:-1\" \/>\n<link rel=\"canonical\" href=\"https:\/\/www.macawlabs.com\/en\/contacto\/\" \/>\n<meta property=\"og:locale\" content=\"en_US\" \/>\n<meta property=\"og:type\" content=\"article\" \/>\n<meta property=\"og:title\" content=\"Contacto MacawLabs - Macawlabs\" \/>\n<meta property=\"og:description\" content=\"Si quieres comunicarte con MacawLabs aqu\u00ed podr\u00e1s encontrar nuestro tel\u00e9fono, correo electr\u00f3nico y direcci\u00f3n.\" \/>\n<meta property=\"og:url\" content=\"https:\/\/www.macawlabs.com\/en\/contacto\/\" \/>\n<meta property=\"og:site_name\" content=\"Macawlabs\" \/>\n<meta property=\"article:modified_time\" content=\"2023-08-09T23:26:55+00:00\" \/>\n<meta property=\"og:image\" content=\"https:\/\/www.macawlabs.com\/wp-content\/uploads\/2022\/05\/Contacto-MacawLabs-scaled.jpg\" \/>\n\t<meta property=\"og:image:width\" content=\"2560\" \/>\n\t<meta property=\"og:image:height\" content=\"1060\" \/>\n\t<meta property=\"og:image:type\" content=\"image\/jpeg\" \/>\n<meta name=\"twitter:card\" content=\"summary_large_image\" \/>\n<meta name=\"twitter:label1\" content=\"Est. reading time\" \/>\n\t<meta name=\"twitter:data1\" content=\"1 minute\" \/>\n<script type=\"application\/ld+json\" class=\"yoast-schema-graph\">{\"@context\":\"https:\\\/\\\/schema.org\",\"@graph\":[{\"@type\":\"WebPage\",\"@id\":\"https:\\\/\\\/www.macawlabs.com\\\/contacto\\\/\",\"url\":\"https:\\\/\\\/www.macawlabs.com\\\/contacto\\\/\",\"name\":\"Contacto MacawLabs - Macawlabs\",\"isPartOf\":{\"@id\":\"https:\\\/\\\/www.macawlabs.com\\\/#website\"},\"primaryImageOfPage\":{\"@id\":\"https:\\\/\\\/www.macawlabs.com\\\/contacto\\\/#primaryimage\"},\"image\":{\"@id\":\"https:\\\/\\\/www.macawlabs.com\\\/contacto\\\/#primaryimage\"},\"thumbnailUrl\":\"https:\\\/\\\/www.macawlabs.com\\\/wp-content\\\/uploads\\\/2022\\\/05\\\/Contacto-MacawLabs-scaled.jpg\",\"datePublished\":\"2020-08-15T10:53:58+00:00\",\"dateModified\":\"2023-08-09T23:26:55+00:00\",\"description\":\"Si quieres comunicarte con MacawLabs aqu\u00ed podr\u00e1s encontrar nuestro tel\u00e9fono, correo electr\u00f3nico y direcci\u00f3n.\",\"breadcrumb\":{\"@id\":\"https:\\\/\\\/www.macawlabs.com\\\/contacto\\\/#breadcrumb\"},\"inLanguage\":\"en-US\",\"potentialAction\":[{\"@type\":\"ReadAction\",\"target\":[\"https:\\\/\\\/www.macawlabs.com\\\/contacto\\\/\"]}]},{\"@type\":\"ImageObject\",\"inLanguage\":\"en-US\",\"@id\":\"https:\\\/\\\/www.macawlabs.com\\\/contacto\\\/#primaryimage\",\"url\":\"https:\\\/\\\/www.macawlabs.com\\\/wp-content\\\/uploads\\\/2022\\\/05\\\/Contacto-MacawLabs-scaled.jpg\",\"contentUrl\":\"https:\\\/\\\/www.macawlabs.com\\\/wp-content\\\/uploads\\\/2022\\\/05\\\/Contacto-MacawLabs-scaled.jpg\",\"width\":2560,\"height\":1060,\"caption\":\"Contacto MacawLabs\"},{\"@type\":\"BreadcrumbList\",\"@id\":\"https:\\\/\\\/www.macawlabs.com\\\/contacto\\\/#breadcrumb\",\"itemListElement\":[{\"@type\":\"ListItem\",\"position\":1,\"name\":\"Portada\",\"item\":\"https:\\\/\\\/www.macawlabs.com\\\/\"},{\"@type\":\"ListItem\",\"position\":2,\"name\":\"Contacto MacawLabs\"}]},{\"@type\":\"WebSite\",\"@id\":\"https:\\\/\\\/www.macawlabs.com\\\/#website\",\"url\":\"https:\\\/\\\/www.macawlabs.com\\\/\",\"name\":\"Macawlabs\",\"description\":\"Head Hunting | Staffing IT\",\"publisher\":{\"@id\":\"https:\\\/\\\/www.macawlabs.com\\\/#organization\"},\"potentialAction\":[{\"@type\":\"SearchAction\",\"target\":{\"@type\":\"EntryPoint\",\"urlTemplate\":\"https:\\\/\\\/www.macawlabs.com\\\/?s={search_term_string}\"},\"query-input\":{\"@type\":\"PropertyValueSpecification\",\"valueRequired\":true,\"valueName\":\"search_term_string\"}}],\"inLanguage\":\"en-US\"},{\"@type\":\"Organization\",\"@id\":\"https:\\\/\\\/www.macawlabs.com\\\/#organization\",\"name\":\"Macawlabs\",\"url\":\"https:\\\/\\\/www.macawlabs.com\\\/\",\"logo\":{\"@type\":\"ImageObject\",\"inLanguage\":\"en-US\",\"@id\":\"https:\\\/\\\/www.macawlabs.com\\\/#\\\/schema\\\/logo\\\/image\\\/\",\"url\":\"https:\\\/\\\/www.macawlabs.com\\\/wp-content\\\/uploads\\\/2022\\\/01\\\/Logo-Macawlabs-letras-balncas.png\",\"contentUrl\":\"https:\\\/\\\/www.macawlabs.com\\\/wp-content\\\/uploads\\\/2022\\\/01\\\/Logo-Macawlabs-letras-balncas.png\",\"width\":512,\"height\":334,\"caption\":\"Macawlabs\"},\"image\":{\"@id\":\"https:\\\/\\\/www.macawlabs.com\\\/#\\\/schema\\\/logo\\\/image\\\/\"}}]}<\/script>\n<!-- \/ Yoast SEO plugin. -->","yoast_head_json":{"title":"Contacto MacawLabs - Macawlabs","description":"Si quieres comunicarte con MacawLabs aqu\u00ed podr\u00e1s encontrar nuestro tel\u00e9fono, correo electr\u00f3nico y direcci\u00f3n.","robots":{"index":"index","follow":"follow","max-snippet":"max-snippet:-1","max-image-preview":"max-image-preview:large","max-video-preview":"max-video-preview:-1"},"canonical":"https:\/\/www.macawlabs.com\/en\/contacto\/","og_locale":"en_US","og_type":"article","og_title":"Contacto MacawLabs - Macawlabs","og_description":"Si quieres comunicarte con MacawLabs aqu\u00ed podr\u00e1s encontrar nuestro tel\u00e9fono, correo electr\u00f3nico y direcci\u00f3n.","og_url":"https:\/\/www.macawlabs.com\/en\/contacto\/","og_site_name":"Macawlabs","article_modified_time":"2023-08-09T23:26:55+00:00","og_image":[{"width":2560,"height":1060,"url":"https:\/\/www.macawlabs.com\/wp-content\/uploads\/2022\/05\/Contacto-MacawLabs-scaled.jpg","type":"image\/jpeg"}],"twitter_card":"summary_large_image","twitter_misc":{"Est. reading time":"1 minute"},"schema":{"@context":"https:\/\/schema.org","@graph":[{"@type":"WebPage","@id":"https:\/\/www.macawlabs.com\/contacto\/","url":"https:\/\/www.macawlabs.com\/contacto\/","name":"Contacto MacawLabs - Macawlabs","isPartOf":{"@id":"https:\/\/www.macawlabs.com\/#website"},"primaryImageOfPage":{"@id":"https:\/\/www.macawlabs.com\/contacto\/#primaryimage"},"image":{"@id":"https:\/\/www.macawlabs.com\/contacto\/#primaryimage"},"thumbnailUrl":"https:\/\/www.macawlabs.com\/wp-content\/uploads\/2022\/05\/Contacto-MacawLabs-scaled.jpg","datePublished":"2020-08-15T10:53:58+00:00","dateModified":"2023-08-09T23:26:55+00:00","description":"Si quieres comunicarte con MacawLabs aqu\u00ed podr\u00e1s encontrar nuestro tel\u00e9fono, correo electr\u00f3nico y direcci\u00f3n.","breadcrumb":{"@id":"https:\/\/www.macawlabs.com\/contacto\/#breadcrumb"},"inLanguage":"en-US","potentialAction":[{"@type":"ReadAction","target":["https:\/\/www.macawlabs.com\/contacto\/"]}]},{"@type":"ImageObject","inLanguage":"en-US","@id":"https:\/\/www.macawlabs.com\/contacto\/#primaryimage","url":"https:\/\/www.macawlabs.com\/wp-content\/uploads\/2022\/05\/Contacto-MacawLabs-scaled.jpg","contentUrl":"https:\/\/www.macawlabs.com\/wp-content\/uploads\/2022\/05\/Contacto-MacawLabs-scaled.jpg","width":2560,"height":1060,"caption":"Contacto MacawLabs"},{"@type":"BreadcrumbList","@id":"https:\/\/www.macawlabs.com\/contacto\/#breadcrumb","itemListElement":[{"@type":"ListItem","position":1,"name":"Portada","item":"https:\/\/www.macawlabs.com\/"},{"@type":"ListItem","position":2,"name":"Contacto MacawLabs"}]},{"@type":"WebSite","@id":"https:\/\/www.macawlabs.com\/#website","url":"https:\/\/www.macawlabs.com\/","name":"Macawlabs","description":"Head Hunting | Staffing IT","publisher":{"@id":"https:\/\/www.macawlabs.com\/#organization"},"potentialAction":[{"@type":"SearchAction","target":{"@type":"EntryPoint","urlTemplate":"https:\/\/www.macawlabs.com\/?s={search_term_string}"},"query-input":{"@type":"PropertyValueSpecification","valueRequired":true,"valueName":"search_term_string"}}],"inLanguage":"en-US"},{"@type":"Organization","@id":"https:\/\/www.macawlabs.com\/#organization","name":"Macawlabs","url":"https:\/\/www.macawlabs.com\/","logo":{"@type":"ImageObject","inLanguage":"en-US","@id":"https:\/\/www.macawlabs.com\/#\/schema\/logo\/image\/","url":"https:\/\/www.macawlabs.com\/wp-content\/uploads\/2022\/01\/Logo-Macawlabs-letras-balncas.png","contentUrl":"https:\/\/www.macawlabs.com\/wp-content\/uploads\/2022\/01\/Logo-Macawlabs-letras-balncas.png","width":512,"height":334,"caption":"Macawlabs"},"image":{"@id":"https:\/\/www.macawlabs.com\/#\/schema\/logo\/image\/"}}]}},"_links":{"self":[{"href":"https:\/\/www.macawlabs.com\/en\/wp-json\/wp\/v2\/pages\/205","targetHints":{"allow":["GET"]}}],"collection":[{"href":"https:\/\/www.macawlabs.com\/en\/wp-json\/wp\/v2\/pages"}],"about":[{"href":"https:\/\/www.macawlabs.com\/en\/wp-json\/wp\/v2\/types\/page"}],"author":[{"embeddable":true,"href":"https:\/\/www.macawlabs.com\/en\/wp-json\/wp\/v2\/users\/2"}],"replies":[{"embeddable":true,"href":"https:\/\/www.macawlabs.com\/en\/wp-json\/wp\/v2\/comments?post=205"}],"version-history":[{"count":33,"href":"https:\/\/www.macawlabs.com\/en\/wp-json\/wp\/v2\/pages\/205\/revisions"}],"predecessor-version":[{"id":1823,"href":"https:\/\/www.macawlabs.com\/en\/wp-json\/wp\/v2\/pages\/205\/revisions\/1823"}],"wp:featuredmedia":[{"embeddable":true,"href":"https:\/\/www.macawlabs.com\/en\/wp-json\/wp\/v2\/media\/1532"}],"wp:attachment":[{"href":"https:\/\/www.macawlabs.com\/en\/wp-json\/wp\/v2\/media?parent=205"}],"curies":[{"name":"wp","href":"https:\/\/api.w.org\/{rel}","templated":true}]}}